{"id":1590,"date":"2025-01-10T17:36:41","date_gmt":"2025-01-10T20:36:41","guid":{"rendered":"https:\/\/www.fundicaosideral.com.br\/site\/?page_id=1590"},"modified":"2025-01-21T09:58:31","modified_gmt":"2025-01-21T12:58:31","slug":"produtos-siderurgia","status":"publish","type":"page","link":"https:\/\/www.fundicaosideral.com.br\/site\/index.php\/produtos-siderurgia\/","title":{"rendered":"Produtos Siderurgia"},"content":{"rendered":"\t\t<div data-elementor-type=\"wp-page\" data-elementor-id=\"1590\" class=\"elementor elementor-1590\" data-elementor-post-type=\"page\">\n\t\t\t\t<div class=\"elementor-element elementor-element-4061562 e-flex e-con-boxed e-con e-parent\" data-id=\"4061562\" data-element_type=\"container\" data-e-type=\"container\">\n\t\t\t\t\t<div class=\"e-con-inner\">\n\t\t\t\t<div class=\"elementor-element elementor-element-09ecb46 elementor-widget elementor-widget-heading\" data-id=\"09ecb46\" data-element_type=\"widget\" data-e-type=\"widget\" data-widget_type=\"heading.default\">\n\t\t\t\t<div class=\"elementor-widget-container\">\n\t\t\t\t\t<h2 class=\"elementor-heading-title elementor-size-default\">NOSSOS PRODUTOS E SETORES DE ATUA\u00c7\u00c3O<\/h2>\t\t\t\t<\/div>\n\t\t\t\t<\/div>\n\t\t\t\t<div class=\"elementor-element elementor-element-a0b175f elementor-widget elementor-widget-text-editor\" data-id=\"a0b175f\" data-element_type=\"widget\" data-e-type=\"widget\" data-widget_type=\"text-editor.default\">\n\t\t\t\t<div class=\"elementor-widget-container\">\n\t\t\t\t\t\t\t\t\t<p>O GRUPO SIDERAL \u00e9 l\u00edder na fabrica\u00e7\u00e3o de pe\u00e7as, dedicadas a atender as demandas dos setores: agr\u00edcola, constru\u00e7\u00e3o, movimenta\u00e7\u00e3o, mec\u00e2nico e industrial e fabrica\u00e7\u00e3o de ferro gusa.<\/p><p>Nosso compromisso com a excel\u00eancia nos permite oferecer solu\u00e7\u00f5es personalizadas que atendem \u00e0s necessidades espec\u00edficas de nossos clientes, impulsionando a efici\u00eancia e a produtividade em cada projeto.<\/p>\t\t\t\t\t\t\t\t<\/div>\n\t\t\t\t<\/div>\n\t\t\t\t\t<\/div>\n\t\t\t\t<\/div>\n\t\t<div class=\"elementor-element elementor-element-7eaf5fd e-con-full e-flex e-con e-parent\" data-id=\"7eaf5fd\" data-element_type=\"container\" data-e-type=\"container\" data-settings=\"{&quot;background_background&quot;:&quot;slideshow&quot;,&quot;background_slideshow_gallery&quot;:[{&quot;id&quot;:1596,&quot;url&quot;:&quot;https:\\\/\\\/www.fundicaosideral.com.br\\\/site\\\/wp-content\\\/uploads\\\/2025\\\/01\\\/fundicao-sideral-siderurgia2_Prancheta-1.webp&quot;}],&quot;background_slideshow_loop&quot;:&quot;yes&quot;,&quot;background_slideshow_slide_duration&quot;:5000,&quot;background_slideshow_slide_transition&quot;:&quot;fade&quot;,&quot;background_slideshow_transition_duration&quot;:500}\">\n\t\t\t\t<div class=\"elementor-element elementor-element-3fd21c0 elementor-widget elementor-widget-heading\" data-id=\"3fd21c0\" data-element_type=\"widget\" data-e-type=\"widget\" data-widget_type=\"heading.default\">\n\t\t\t\t<div class=\"elementor-widget-container\">\n\t\t\t\t\t<h2 class=\"elementor-heading-title elementor-size-default\">Siderurgia<\/h2>\t\t\t\t<\/div>\n\t\t\t\t<\/div>\n\t\t\t\t<\/div>\n\t\t<div class=\"elementor-element elementor-element-8ef3c13 e-flex e-con-boxed e-con e-parent\" data-id=\"8ef3c13\" data-element_type=\"container\" data-e-type=\"container\">\n\t\t\t\t\t<div class=\"e-con-inner\">\n\t\t<div class=\"elementor-element elementor-element-1e3c82a e-con-full e-flex e-con e-child\" data-id=\"1e3c82a\" data-element_type=\"container\" data-e-type=\"container\" data-settings=\"{&quot;background_background&quot;:&quot;classic&quot;}\">\n\t\t\t\t<div class=\"elementor-element elementor-element-60b1426 elementor-widget elementor-widget-image\" data-id=\"60b1426\" data-element_type=\"widget\" data-e-type=\"widget\" data-widget_type=\"image.default\">\n\t\t\t\t<div class=\"elementor-widget-container\">\n\t\t\t\t\t\t\t\t\t\t\t\t<figure class=\"wp-caption\">\n\t\t\t\t\t\t\t\t\t\t\t<a href=\"https:\/\/www.fundicaosideral.com.br\/site\/wp-content\/uploads\/2024\/08\/fundicao-sideral-produto-gusa.webp\" data-elementor-open-lightbox=\"yes\" data-elementor-lightbox-title=\"fundicao-sideral-produto-gusa\" data-e-action-hash=\"#elementor-action%3Aaction%3Dlightbox%26settings%3DeyJpZCI6NjQyLCJ1cmwiOiJodHRwczpcL1wvd3d3LmZ1bmRpY2Fvc2lkZXJhbC5jb20uYnJcL3NpdGVcL3dwLWNvbnRlbnRcL3VwbG9hZHNcLzIwMjRcLzA4XC9mdW5kaWNhby1zaWRlcmFsLXByb2R1dG8tZ3VzYS53ZWJwIn0%3D\">\n\t\t\t\t\t\t\t<img fetchpriority=\"high\" decoding=\"async\" width=\"600\" height=\"600\" src=\"https:\/\/www.fundicaosideral.com.br\/site\/wp-content\/uploads\/2024\/08\/fundicao-sideral-produto-gusa.webp\" class=\"attachment-large size-large wp-image-642\" alt=\"\" srcset=\"https:\/\/www.fundicaosideral.com.br\/site\/wp-content\/uploads\/2024\/08\/fundicao-sideral-produto-gusa.webp 600w, https:\/\/www.fundicaosideral.com.br\/site\/wp-content\/uploads\/2024\/08\/fundicao-sideral-produto-gusa-300x300.webp 300w, https:\/\/www.fundicaosideral.com.br\/site\/wp-content\/uploads\/2024\/08\/fundicao-sideral-produto-gusa-150x150.webp 150w\" sizes=\"(max-width: 600px) 100vw, 600px\" \/>\t\t\t\t\t\t\t\t<\/a>\n\t\t\t\t\t\t\t\t\t\t\t<figcaption class=\"widget-image-caption wp-caption-text\"><\/figcaption>\n\t\t\t\t\t\t\t\t\t\t<\/figure>\n\t\t\t\t\t\t\t\t\t<\/div>\n\t\t\t\t<\/div>\n\t\t\t\t<\/div>\n\t\t\t\t\t<\/div>\n\t\t\t\t<\/div>\n\t\t\t\t<\/div>\n\t\t","protected":false},"excerpt":{"rendered":"<p>NOSSOS PRODUTOS E SETORES DE ATUA\u00c7\u00c3O O GRUPO SIDERAL \u00e9 l\u00edder na fabrica\u00e7\u00e3o de pe\u00e7as, dedicadas a atender as demandas dos setores: agr\u00edcola, constru\u00e7\u00e3o, movimenta\u00e7\u00e3o, mec\u00e2nico e industrial e fabrica\u00e7\u00e3o de ferro gusa. Nosso compromisso com a excel\u00eancia nos permite oferecer solu\u00e7\u00f5es personalizadas que atendem \u00e0s necessidades espec\u00edficas de nossos clientes, impulsionando a efici\u00eancia e [&hellip;]<\/p>\n","protected":false},"author":1,"featured_media":0,"parent":0,"menu_order":0,"comment_status":"closed","ping_status":"closed","template":"","meta":{"footnotes":""},"class_list":["post-1590","page","type-page","status-publish","hentry"],"_links":{"self":[{"href":"https:\/\/www.fundicaosideral.com.br\/site\/index.php\/wp-json\/wp\/v2\/pages\/1590","targetHints":{"allow":["GET"]}}],"collection":[{"href":"https:\/\/www.fundicaosideral.com.br\/site\/index.php\/wp-json\/wp\/v2\/pages"}],"about":[{"href":"https:\/\/www.fundicaosideral.com.br\/site\/index.php\/wp-json\/wp\/v2\/types\/page"}],"author":[{"embeddable":true,"href":"https:\/\/www.fundicaosideral.com.br\/site\/index.php\/wp-json\/wp\/v2\/users\/1"}],"replies":[{"embeddable":true,"href":"https:\/\/www.fundicaosideral.com.br\/site\/index.php\/wp-json\/wp\/v2\/comments?post=1590"}],"version-history":[{"count":10,"href":"https:\/\/www.fundicaosideral.com.br\/site\/index.php\/wp-json\/wp\/v2\/pages\/1590\/revisions"}],"predecessor-version":[{"id":1641,"href":"https:\/\/www.fundicaosideral.com.br\/site\/index.php\/wp-json\/wp\/v2\/pages\/1590\/revisions\/1641"}],"wp:attachment":[{"href":"https:\/\/www.fundicaosideral.com.br\/site\/index.php\/wp-json\/wp\/v2\/media?parent=1590"}],"curies":[{"name":"wp","href":"https:\/\/api.w.org\/{rel}","templated":true}]}}