{"id":1735,"date":"2025-04-09T15:02:56","date_gmt":"2025-04-09T18:02:56","guid":{"rendered":"https:\/\/www.fundicaosideral.com.br\/site\/?page_id=1735"},"modified":"2025-05-15T10:48:00","modified_gmt":"2025-05-15T13:48:00","slug":"relatorio-de-sustentabilidade-2024","status":"publish","type":"page","link":"https:\/\/www.fundicaosideral.com.br\/site\/index.php\/relatorio-de-sustentabilidade-2024\/","title":{"rendered":"Relat\u00f3rio de Sustentabilidade 2024"},"content":{"rendered":"\t\t<div data-elementor-type=\"wp-page\" data-elementor-id=\"1735\" class=\"elementor elementor-1735\" data-elementor-post-type=\"page\">\n\t\t\t\t<div class=\"elementor-element elementor-element-cf5e1dd e-flex e-con-boxed e-con e-parent\" data-id=\"cf5e1dd\" data-element_type=\"container\" data-e-type=\"container\">\n\t\t\t\t\t<div class=\"e-con-inner\">\n\t\t\t\t<div class=\"elementor-element elementor-element-0045336 elementor-widget elementor-widget-heading\" data-id=\"0045336\" data-element_type=\"widget\" data-e-type=\"widget\" data-widget_type=\"heading.default\">\n\t\t\t\t<div class=\"elementor-widget-container\">\n\t\t\t\t\t<h2 class=\"elementor-heading-title elementor-size-default\">Relat\u00f3rio de Sustentabilidade 2024<\/h2>\t\t\t\t<\/div>\n\t\t\t\t<\/div>\n\t\t<div class=\"elementor-element elementor-element-ca48ed1 e-con-full e-flex e-con e-child\" data-id=\"ca48ed1\" data-element_type=\"container\" data-e-type=\"container\">\n\t\t<div class=\"elementor-element elementor-element-6a70288 e-con-full e-flex e-con e-child\" data-id=\"6a70288\" data-element_type=\"container\" data-e-type=\"container\">\n\t\t\t\t<div class=\"elementor-element elementor-element-ca6bb2f elementor-widget elementor-widget-image\" data-id=\"ca6bb2f\" data-element_type=\"widget\" data-e-type=\"widget\" data-widget_type=\"image.default\">\n\t\t\t\t<div class=\"elementor-widget-container\">\n\t\t\t\t\t\t\t\t\t\t\t\t\t\t\t<img fetchpriority=\"high\" decoding=\"async\" width=\"655\" height=\"876\" src=\"https:\/\/www.fundicaosideral.com.br\/site\/wp-content\/uploads\/2025\/04\/jose-mauricio2.webp\" class=\"attachment-large size-large wp-image-1780\" alt=\"\" srcset=\"https:\/\/www.fundicaosideral.com.br\/site\/wp-content\/uploads\/2025\/04\/jose-mauricio2.webp 655w, https:\/\/www.fundicaosideral.com.br\/site\/wp-content\/uploads\/2025\/04\/jose-mauricio2-224x300.webp 224w\" sizes=\"(max-width: 655px) 100vw, 655px\" \/>\t\t\t\t\t\t\t\t\t\t\t\t\t\t\t<\/div>\n\t\t\t\t<\/div>\n\t\t\t\t<\/div>\n\t\t<div class=\"elementor-element elementor-element-8f820a3 e-con-full e-flex e-con e-child\" data-id=\"8f820a3\" data-element_type=\"container\" data-e-type=\"container\">\n\t\t\t\t<div class=\"elementor-element elementor-element-cdf050f elementor-widget elementor-widget-heading\" data-id=\"cdf050f\" data-element_type=\"widget\" data-e-type=\"widget\" data-widget_type=\"heading.default\">\n\t\t\t\t<div class=\"elementor-widget-container\">\n\t\t\t\t\t<h4 class=\"elementor-heading-title elementor-size-default\">Mensagem da Lideran\u00e7a<\/h4>\t\t\t\t<\/div>\n\t\t\t\t<\/div>\n\t\t\t\t<div class=\"elementor-element elementor-element-f82e6c1 elementor-widget elementor-widget-text-editor\" data-id=\"f82e6c1\" data-element_type=\"widget\" data-e-type=\"widget\" data-widget_type=\"text-editor.default\">\n\t\t\t\t<div class=\"elementor-widget-container\">\n\t\t\t\t\t\t\t\t\t<div>O ano de 2024 representou um marco para a GRUPO SIDERAL. Nossa trajet\u00f3ria de crescimento se consolidou com investimentos em sustentabilidade, efici\u00eancia produtiva e governan\u00e7a corporativa. Refor\u00e7amos nosso compromisso com a economia circular, a descarboniza\u00e7\u00e3o e o bem-estar dos nossos colaboradores e comunidades. Seguimos focados em nos tornar uma das cinco maiores GRUPO SIDERAL at\u00e9 2030, mantendo nossos valores de seguran\u00e7a, integridade e respeito. Este Relat\u00f3rio reflete nossa evolu\u00e7\u00e3o e compromisso com um futuro mais sustent\u00e1vel.\u00a0<\/div><div>\u00a0<\/div><h4>Jos\u00e9 Maur\u00edcio Andrade Soares<br \/>Diretor Presidente<br \/>GRUPO SIDERAL<\/h4>\t\t\t\t\t\t\t\t<\/div>\n\t\t\t\t<\/div>\n\t\t\t\t<div class=\"elementor-element elementor-element-540add8 elementor-widget elementor-widget-button\" data-id=\"540add8\" data-element_type=\"widget\" data-e-type=\"widget\" data-widget_type=\"button.default\">\n\t\t\t\t<div class=\"elementor-widget-container\">\n\t\t\t\t\t\t\t\t\t<div class=\"elementor-button-wrapper\">\n\t\t\t\t\t<a class=\"elementor-button elementor-button-link elementor-size-sm\" href=\"https:\/\/www.fundicaosideral.com.br\/site\/wp-content\/uploads\/2025\/05\/Relatorio-Sustentabilidade-Sideral-2024-09Mai2025.pdf\" target=\"_blank\">\n\t\t\t\t\t\t<span class=\"elementor-button-content-wrapper\">\n\t\t\t\t\t\t<span class=\"elementor-button-icon\">\n\t\t\t\t<svg aria-hidden=\"true\" class=\"e-font-icon-svg e-fas-download\" viewBox=\"0 0 512 512\" xmlns=\"http:\/\/www.w3.org\/2000\/svg\"><path d=\"M216 0h80c13.3 0 24 10.7 24 24v168h87.7c17.8 0 26.7 21.5 14.1 34.1L269.7 378.3c-7.5 7.5-19.8 7.5-27.3 0L90.1 226.1c-12.6-12.6-3.7-34.1 14.1-34.1H192V24c0-13.3 10.7-24 24-24zm296 376v112c0 13.3-10.7 24-24 24H24c-13.3 0-24-10.7-24-24V376c0-13.3 10.7-24 24-24h146.7l49 49c20.1 20.1 52.5 20.1 72.6 0l49-49H488c13.3 0 24 10.7 24 24zm-124 88c0-11-9-20-20-20s-20 9-20 20 9 20 20 20 20-9 20-20zm64 0c0-11-9-20-20-20s-20 9-20 20 9 20 20 20 20-9 20-20z\"><\/path><\/svg>\t\t\t<\/span>\n\t\t\t\t\t\t\t\t\t<span class=\"elementor-button-text\">Baixe o Relat\u00f3rio de  Sustentabilidade 2024 em PDF<\/span>\n\t\t\t\t\t<\/span>\n\t\t\t\t\t<\/a>\n\t\t\t\t<\/div>\n\t\t\t\t\t\t\t\t<\/div>\n\t\t\t\t<\/div>\n\t\t\t\t<\/div>\n\t\t\t\t<\/div>\n\t\t\t\t\t<\/div>\n\t\t\t\t<\/div>\n\t\t<div class=\"elementor-element elementor-element-1ac8657 e-flex e-con-boxed e-con e-parent\" data-id=\"1ac8657\" data-element_type=\"container\" data-e-type=\"container\">\n\t\t\t\t\t<div class=\"e-con-inner\">\n\t\t\t\t<div class=\"elementor-element elementor-element-594dec1 elementor-widget elementor-widget-spacer\" data-id=\"594dec1\" data-element_type=\"widget\" data-e-type=\"widget\" data-widget_type=\"spacer.default\">\n\t\t\t\t<div class=\"elementor-widget-container\">\n\t\t\t\t\t\t\t<div class=\"elementor-spacer\">\n\t\t\t<div class=\"elementor-spacer-inner\"><\/div>\n\t\t<\/div>\n\t\t\t\t\t\t<\/div>\n\t\t\t\t<\/div>\n\t\t\t\t\t<\/div>\n\t\t\t\t<\/div>\n\t\t\t\t<\/div>\n\t\t","protected":false},"excerpt":{"rendered":"<p>Relat\u00f3rio de Sustentabilidade 2024 Mensagem da Lideran\u00e7a O ano de 2024 representou um marco para a GRUPO SIDERAL. Nossa trajet\u00f3ria de crescimento se consolidou com investimentos em sustentabilidade, efici\u00eancia produtiva e governan\u00e7a corporativa. Refor\u00e7amos nosso compromisso com a economia circular, a descarboniza\u00e7\u00e3o e o bem-estar dos nossos colaboradores e comunidades. Seguimos focados em nos tornar [&hellip;]<\/p>\n","protected":false},"author":1,"featured_media":0,"parent":0,"menu_order":0,"comment_status":"closed","ping_status":"closed","template":"","meta":{"footnotes":""},"class_list":["post-1735","page","type-page","status-publish","hentry"],"_links":{"self":[{"href":"https:\/\/www.fundicaosideral.com.br\/site\/index.php\/wp-json\/wp\/v2\/pages\/1735","targetHints":{"allow":["GET"]}}],"collection":[{"href":"https:\/\/www.fundicaosideral.com.br\/site\/index.php\/wp-json\/wp\/v2\/pages"}],"about":[{"href":"https:\/\/www.fundicaosideral.com.br\/site\/index.php\/wp-json\/wp\/v2\/types\/page"}],"author":[{"embeddable":true,"href":"https:\/\/www.fundicaosideral.com.br\/site\/index.php\/wp-json\/wp\/v2\/users\/1"}],"replies":[{"embeddable":true,"href":"https:\/\/www.fundicaosideral.com.br\/site\/index.php\/wp-json\/wp\/v2\/comments?post=1735"}],"version-history":[{"count":85,"href":"https:\/\/www.fundicaosideral.com.br\/site\/index.php\/wp-json\/wp\/v2\/pages\/1735\/revisions"}],"predecessor-version":[{"id":1846,"href":"https:\/\/www.fundicaosideral.com.br\/site\/index.php\/wp-json\/wp\/v2\/pages\/1735\/revisions\/1846"}],"wp:attachment":[{"href":"https:\/\/www.fundicaosideral.com.br\/site\/index.php\/wp-json\/wp\/v2\/media?parent=1735"}],"curies":[{"name":"wp","href":"https:\/\/api.w.org\/{rel}","templated":true}]}}