{"id":1848,"date":"2025-06-19T10:07:26","date_gmt":"2025-06-19T13:07:26","guid":{"rendered":"https:\/\/www.fundicaosideral.com.br\/site\/?page_id=1848"},"modified":"2025-06-20T08:57:48","modified_gmt":"2025-06-20T11:57:48","slug":"politica-de-minerais-de-conflito-do-grupo-sideral","status":"publish","type":"page","link":"https:\/\/www.fundicaosideral.com.br\/site\/index.php\/politica-de-minerais-de-conflito-do-grupo-sideral\/","title":{"rendered":"Pol\u00edtica de Minerais de Conflito do Grupo Sideral"},"content":{"rendered":"\t\t<div data-elementor-type=\"wp-page\" data-elementor-id=\"1848\" class=\"elementor elementor-1848\" data-elementor-post-type=\"page\">\n\t\t\t\t<div class=\"elementor-element elementor-element-8de8b19 e-flex e-con-boxed e-con e-parent\" data-id=\"8de8b19\" data-element_type=\"container\" data-e-type=\"container\" data-settings=\"{&quot;background_background&quot;:&quot;classic&quot;}\">\n\t\t\t\t\t<div class=\"e-con-inner\">\n\t\t<div class=\"elementor-element elementor-element-17fc1de e-con-full e-flex e-con e-child\" data-id=\"17fc1de\" data-element_type=\"container\" data-e-type=\"container\">\n\t\t\t\t<div class=\"elementor-element elementor-element-73d0dc6 elementor-widget elementor-widget-spacer\" data-id=\"73d0dc6\" data-element_type=\"widget\" data-e-type=\"widget\" data-widget_type=\"spacer.default\">\n\t\t\t\t<div class=\"elementor-widget-container\">\n\t\t\t\t\t\t\t<div class=\"elementor-spacer\">\n\t\t\t<div class=\"elementor-spacer-inner\"><\/div>\n\t\t<\/div>\n\t\t\t\t\t\t<\/div>\n\t\t\t\t<\/div>\n\t\t\t\t<div class=\"elementor-element elementor-element-88bfca2 elementor-widget elementor-widget-heading\" data-id=\"88bfca2\" data-element_type=\"widget\" data-e-type=\"widget\" data-widget_type=\"heading.default\">\n\t\t\t\t<div class=\"elementor-widget-container\">\n\t\t\t\t\t<h2 class=\"elementor-heading-title elementor-size-default\">Pol\u00edtica de Minerais de Conflito do Grupo Sideral<\/h2>\t\t\t\t<\/div>\n\t\t\t\t<\/div>\n\t\t<div class=\"elementor-element elementor-element-a3ea7aa e-con-full e-flex e-con e-child\" data-id=\"a3ea7aa\" data-element_type=\"container\" data-e-type=\"container\">\n\t\t<div class=\"elementor-element elementor-element-8d89cfc e-con-full e-flex e-con e-child\" data-id=\"8d89cfc\" data-element_type=\"container\" data-e-type=\"container\">\n\t\t\t\t<div class=\"elementor-element elementor-element-5e3e1d1 elementor-widget elementor-widget-image\" data-id=\"5e3e1d1\" data-element_type=\"widget\" data-e-type=\"widget\" data-widget_type=\"image.default\">\n\t\t\t\t<div class=\"elementor-widget-container\">\n\t\t\t\t\t\t\t\t\t\t\t\t\t\t\t<img fetchpriority=\"high\" decoding=\"async\" width=\"655\" height=\"876\" src=\"https:\/\/www.fundicaosideral.com.br\/site\/wp-content\/uploads\/2025\/04\/jose-mauricio2.webp\" class=\"attachment-large size-large wp-image-1780\" alt=\"\" srcset=\"https:\/\/www.fundicaosideral.com.br\/site\/wp-content\/uploads\/2025\/04\/jose-mauricio2.webp 655w, https:\/\/www.fundicaosideral.com.br\/site\/wp-content\/uploads\/2025\/04\/jose-mauricio2-224x300.webp 224w\" sizes=\"(max-width: 655px) 100vw, 655px\" \/>\t\t\t\t\t\t\t\t\t\t\t\t\t\t\t<\/div>\n\t\t\t\t<\/div>\n\t\t\t\t<\/div>\n\t\t<div class=\"elementor-element elementor-element-8849618 e-con-full e-flex e-con e-child\" data-id=\"8849618\" data-element_type=\"container\" data-e-type=\"container\">\n\t\t\t\t<div class=\"elementor-element elementor-element-ca1e5cf elementor-widget elementor-widget-text-editor\" data-id=\"ca1e5cf\" data-element_type=\"widget\" data-e-type=\"widget\" data-widget_type=\"text-editor.default\">\n\t\t\t\t<div class=\"elementor-widget-container\">\n\t\t\t\t\t\t\t\t\t<h4>Objetivo<\/h4><p>O GRUPO SIDERAL se compromete a garantir que suas opera\u00e7\u00f5es e sua cadeia de suprimentos estejam livres de minerais de conflito, conforme definido pelas normas internacionais, incluindo as diretrizes da Organiza\u00e7\u00e3o para Coopera\u00e7\u00e3o e Desenvolvimento Econ\u00f4mico (OCDE) e a Se\u00e7\u00e3o 1502 da Lei Dodd-Frank dos Estados Unidos.<\/p><h4>Defini\u00e7\u00f5es<\/h4><p>Minerais de conflito referem-se a minerais extra\u00eddos em \u00e1reas de conflito e cuja venda pode financiar grupos armados, resultando em viola\u00e7\u00f5es dos direitos humanos e em instabilidades sociais. Esses minerais incluem, mas n\u00e3o se limitam a: ouro, estanho, t\u00e2ntalo e tungst\u00eanio.<\/p>\t\t\t\t\t\t\t\t<\/div>\n\t\t\t\t<\/div>\n\t\t\t\t<\/div>\n\t\t\t\t<\/div>\n\t\t\t\t<div class=\"elementor-element elementor-element-6e4053a elementor-widget elementor-widget-text-editor\" data-id=\"6e4053a\" data-element_type=\"widget\" data-e-type=\"widget\" data-widget_type=\"text-editor.default\">\n\t\t\t\t<div class=\"elementor-widget-container\">\n\t\t\t\t\t\t\t\t\t<h4>\u00a0<span style=\"color: inherit; font-family: inherit; font-size: 1.5rem;\">Compromissos<\/span><\/h4><ol><li class=\"destaque1\">AVALIA\u00c7\u00d5ES DE RISCOS<\/li><\/ol><ul><li>O GRUPO SIDERAL realizar\u00e1 avalia\u00e7\u00f5es regulares de riscos em seus processos para identificar e mitigar a possibilidade de uso de minerais de conflito. Essas avalia\u00e7\u00f5es poder\u00e3o incluir a an\u00e1lise de fornecedores e fontes de materiais.<br \/><br \/><\/li><\/ul><ol start=\"2\"><li class=\"destaque1\">CONSCIENTIZA\u00c7\u00c3O<\/li><\/ol><ul><li>O GRUPO SIDERAL implementar\u00e1 programas de conscientiza\u00e7\u00e3o para suas lideran\u00e7as, visando aumentar a conscientiza\u00e7\u00e3o sobre a import\u00e2ncia de evitar minerais de conflito e promover pr\u00e1ticas \u00e9ticas na cadeia de suprimentos.<br \/><br \/><\/li><\/ul><ol start=\"3\"><li class=\"destaque1\">COLABORA\u00c7\u00c3O E MELHORIA CONT\u00cdNUA<\/li><\/ol><ul><li>O GRUPO SIDERAL se compromete a colaborar com outras empresas, organiza\u00e7\u00f5es n\u00e3o governamentais e entidades governamentais para promover melhores pr\u00e1ticas na ind\u00fastria. A empresa revisar\u00e1 e atualizar\u00e1 regularmente esta pol\u00edtica, conforme necess\u00e1rio, para melhorar a efic\u00e1cia das suas iniciativas.<br \/><br \/><\/li><\/ul><ol start=\"4\"><li class=\"destaque1\">IMPLEMENTA\u00c7\u00c3O E RESPONSABILIDADE<\/li><\/ol><ul><li>A alta dire\u00e7\u00e3o do GRUPO SIDERAL \u00e9 respons\u00e1vel pela implementa\u00e7\u00e3o e supervis\u00e3o desta pol\u00edtica.<i><\/i><\/li><\/ul><h4>\u00a0<\/h4><p>Ita\u00fana, 1\u00b0 de fevereiro de 2025.<\/p><h4>Jos\u00e9 Maur\u00edcio Andrade Soares <br \/>Diretor Presidente<\/h4>\t\t\t\t\t\t\t\t<\/div>\n\t\t\t\t<\/div>\n\t\t\t\t<div class=\"elementor-element elementor-element-62b548b elementor-widget elementor-widget-spacer\" data-id=\"62b548b\" data-element_type=\"widget\" data-e-type=\"widget\" data-widget_type=\"spacer.default\">\n\t\t\t\t<div class=\"elementor-widget-container\">\n\t\t\t\t\t\t\t<div class=\"elementor-spacer\">\n\t\t\t<div class=\"elementor-spacer-inner\"><\/div>\n\t\t<\/div>\n\t\t\t\t\t\t<\/div>\n\t\t\t\t<\/div>\n\t\t\t\t<\/div>\n\t\t\t\t\t<\/div>\n\t\t\t\t<\/div>\n\t\t\t\t<\/div>\n\t\t","protected":false},"excerpt":{"rendered":"<p>Pol\u00edtica de Minerais de Conflito do Grupo Sideral Objetivo O GRUPO SIDERAL se compromete a garantir que suas opera\u00e7\u00f5es e sua cadeia de suprimentos estejam livres de minerais de conflito, conforme definido pelas normas internacionais, incluindo as diretrizes da Organiza\u00e7\u00e3o para Coopera\u00e7\u00e3o e Desenvolvimento Econ\u00f4mico (OCDE) e a Se\u00e7\u00e3o 1502 da Lei Dodd-Frank dos Estados [&hellip;]<\/p>\n","protected":false},"author":1,"featured_media":0,"parent":0,"menu_order":0,"comment_status":"closed","ping_status":"closed","template":"elementor_header_footer","meta":{"footnotes":""},"class_list":["post-1848","page","type-page","status-publish","hentry"],"_links":{"self":[{"href":"https:\/\/www.fundicaosideral.com.br\/site\/index.php\/wp-json\/wp\/v2\/pages\/1848","targetHints":{"allow":["GET"]}}],"collection":[{"href":"https:\/\/www.fundicaosideral.com.br\/site\/index.php\/wp-json\/wp\/v2\/pages"}],"about":[{"href":"https:\/\/www.fundicaosideral.com.br\/site\/index.php\/wp-json\/wp\/v2\/types\/page"}],"author":[{"embeddable":true,"href":"https:\/\/www.fundicaosideral.com.br\/site\/index.php\/wp-json\/wp\/v2\/users\/1"}],"replies":[{"embeddable":true,"href":"https:\/\/www.fundicaosideral.com.br\/site\/index.php\/wp-json\/wp\/v2\/comments?post=1848"}],"version-history":[{"count":31,"href":"https:\/\/www.fundicaosideral.com.br\/site\/index.php\/wp-json\/wp\/v2\/pages\/1848\/revisions"}],"predecessor-version":[{"id":1883,"href":"https:\/\/www.fundicaosideral.com.br\/site\/index.php\/wp-json\/wp\/v2\/pages\/1848\/revisions\/1883"}],"wp:attachment":[{"href":"https:\/\/www.fundicaosideral.com.br\/site\/index.php\/wp-json\/wp\/v2\/media?parent=1848"}],"curies":[{"name":"wp","href":"https:\/\/api.w.org\/{rel}","templated":true}]}}